

{"id":42714,"date":"2019-03-22T17:07:48","date_gmt":"2019-03-22T21:07:48","guid":{"rendered":"https:\/\/depto51.cl\/blog\/?page_id=42714"},"modified":"2020-12-04T10:22:58","modified_gmt":"2020-12-04T14:22:58","slug":"inicio","status":"publish","type":"page","link":"https:\/\/depto51.cl\/blog\/inicio\/","title":{"rendered":"Inicio"},"content":{"rendered":"<article id=\"post-44455\">\n\t\t\t\t\t\t\t\t\t\t\t<a href=\"https:\/\/depto51.cl\/blog\/2020\/02\/19\/conoce-la-primera-coleccion-at-home-with-de-hm-home\/\" title=\"Conoce la primera colecci\u00f3n &#8220;At Home With&#8221; de H&#038;M Home\"><br \/>\n\t\t\t\t\t\t\t\t\t\t\t\t<img loading=\"lazy\" width=\"1400\" height=\"1400\" src=\"https:\/\/depto51.cl\/blog\/wp-content\/uploads\/2020\/02\/7040-1.00-Photo-Album-1400x1400-6.jpg\" alt=\"Conoce la primera colecci\u00f3n &#8220;At Home With&#8221; de H&#038;M Home\" itemprop=\"image\" srcset=\"https:\/\/depto51.cl\/blog\/wp-content\/uploads\/2020\/02\/7040-1.00-Photo-Album-1400x1400-6.jpg 1400w, https:\/\/depto51.cl\/blog\/wp-content\/uploads\/2020\/02\/7040-1.00-Photo-Album-1400x1400-6-500x500.jpg 500w, https:\/\/depto51.cl\/blog\/wp-content\/uploads\/2020\/02\/7040-1.00-Photo-Album-1400x1400-6-768x768.jpg 768w, https:\/\/depto51.cl\/blog\/wp-content\/uploads\/2020\/02\/7040-1.00-Photo-Album-1400x1400-6-1024x1024.jpg 1024w, https:\/\/depto51.cl\/blog\/wp-content\/uploads\/2020\/02\/7040-1.00-Photo-Album-1400x1400-6-45x45.jpg 45w\" sizes=\"(max-width: 1400px) 100vw, 1400px\" \/><br \/>\n\t\t\t\t\t\t\t\t\t\t\t\t\t\t\tLEER M\u00c1S<br \/>\n\t\t\t\t\t\t\t\t\t\t\t<\/a><br \/>\n\t\t\t\t\t\t\t\t\t\t<!-- .oew-grid-media --><\/p>\n<h2>\n\t\t\t\t\t\t\t\t\t\t\t\t\t<a href=\"https:\/\/depto51.cl\/blog\/2020\/02\/19\/conoce-la-primera-coleccion-at-home-with-de-hm-home\/\" title=\"Conoce la primera colecci\u00f3n &#8220;At Home With&#8221; de H&#038;M Home\">Conoce la primera colecci\u00f3n \u00abAt Home With\u00bb de H&#038;M Home<\/a><br \/>\n\t\t\t\t\t\t\t\t\t\t\t\t<\/h2>\n<p>\t\t\t\t\t\t\t\t\t\t\t\t\tSeguro ya has escuchado a hablar de la actriz y modelo brit\u00e1nica Cara Delevigne \u00bfverdad? Pues bien, hoy te queremos presentar a su hermana Poppy, tambi\u00e9n modelo y toda una celebridad en Londres. Es m\u00e1s, ella se ha convertido en la inspiraci\u00f3n e imagen de la primera colecci\u00f3n de H&amp;M Home \u00abAt Home With\u00bb donde su estilo ecl\u00e9ctico y colorido es el protagonista. La colecci\u00f3n fue presentada por primera vez el a\u00f1o pasado en la propia casa de Poppy&hellip;<br \/>\n\t\t\t\t\t\t\t\t\t\t<!-- .oew-grid-details --><br \/>\n\t\t\t\t\t\t<\/article>\n<p>\t\t\t<!-- .oew-blog-grid --><br \/>\n\t\t\t\t\t\t\t\t\t\t\t<a href=\"https:\/\/depto51.com\/?utm_source=banner%20rectangular%20blog\" data-elementor-open-lightbox=\"\"><br \/>\n\t\t\t\t\t\t\t<img loading=\"lazy\" width=\"1293\" height=\"227\" src=\"https:\/\/depto51.cl\/blog\/wp-content\/uploads\/2020\/12\/Punto-de-retiro-03.jpg\" alt=\"\" srcset=\"https:\/\/depto51.cl\/blog\/wp-content\/uploads\/2020\/12\/Punto-de-retiro-03.jpg 1293w, https:\/\/depto51.cl\/blog\/wp-content\/uploads\/2020\/12\/Punto-de-retiro-03-500x88.jpg 500w, https:\/\/depto51.cl\/blog\/wp-content\/uploads\/2020\/12\/Punto-de-retiro-03-768x135.jpg 768w, https:\/\/depto51.cl\/blog\/wp-content\/uploads\/2020\/12\/Punto-de-retiro-03-1024x180.jpg 1024w\" sizes=\"(max-width: 1293px) 100vw, 1293px\" \/>\t\t\t\t\t\t\t\t<\/a><\/p>\n<h2>\u00bfTe unes a nuestros amigos por correo?<\/h2>\n<p style=\"text-align: center;\">\u2764\ufe0f\u2764\ufe0f\u2764\ufe0f<br \/>S\u00e9 el primero en enterarte siempre de nuestros nuevos HOME TOURS y productos\u00a0<\/p>\n<p>\t\t\t<a role=\"button\"><br \/>\n\t\t\t\t\t\tULTIMOS POSTS<br \/>\n\t\t\t\t\t<\/a><\/p>\n<article id=\"post-44332\">\n\t\t\t\t\t\t\t\t\t\t\t<a href=\"https:\/\/depto51.cl\/blog\/2019\/12\/31\/buenas-noticias-hm-home-abre-tienda-en-santiago-de-chile\/\" title=\"Buenas noticias! H&#038;M Home abre tienda en Santiago de Chile\"><br \/>\n\t\t\t\t\t\t\t\t\t\t\t\t<img loading=\"lazy\" width=\"500\" height=\"378\" src=\"https:\/\/depto51.cl\/blog\/wp-content\/uploads\/2019\/12\/HMhomeoxfordcircus-e1577805216519-500x378.png\" alt=\"Buenas noticias! H&#038;M Home abre tienda en Santiago de Chile\" itemprop=\"image\" srcset=\"https:\/\/depto51.cl\/blog\/wp-content\/uploads\/2019\/12\/HMhomeoxfordcircus-e1577805216519-500x378.png 500w, https:\/\/depto51.cl\/blog\/wp-content\/uploads\/2019\/12\/HMhomeoxfordcircus-e1577805216519-768x580.png 768w, https:\/\/depto51.cl\/blog\/wp-content\/uploads\/2019\/12\/HMhomeoxfordcircus-e1577805216519.png 800w\" sizes=\"(max-width: 500px) 100vw, 500px\" \/><br \/>\n\t\t\t\t\t\t\t\t\t\t\t\t\t\t\tLEER M\u00c1S<br \/>\n\t\t\t\t\t\t\t\t\t\t\t<\/a><br \/>\n\t\t\t\t\t\t\t\t\t\t<!-- .oew-grid-media --><\/p>\n<h2>\n\t\t\t\t\t\t\t\t\t\t\t\t\t<a href=\"https:\/\/depto51.cl\/blog\/2019\/12\/31\/buenas-noticias-hm-home-abre-tienda-en-santiago-de-chile\/\" title=\"Buenas noticias! H&#038;M Home abre tienda en Santiago de Chile\">Buenas noticias! H&#038;M Home abre tienda en Santiago de Chile<\/a><br \/>\n\t\t\t\t\t\t\t\t\t\t\t\t<\/h2>\n<p>\t\t\t\t\t\t\t\t\t\t\t\t\tEste 2020 lo vamos a empezar con una buena noticia para los amantes de la decoraci\u00f3n: S\u00ed, porque H&amp;M Home al fin abri\u00f3 una tienda en Santiago de Chile (ya&hellip;<br \/>\n\t\t\t\t\t\t\t\t\t\t<!-- .oew-grid-details --><br \/>\n\t\t\t\t\t\t<\/article>\n<article id=\"post-44268\">\n\t\t\t\t\t\t\t\t\t\t\t<a href=\"https:\/\/depto51.cl\/blog\/2019\/10\/18\/francisca-eyzaguirre-mariano-fernandez-y-mariano-elisa-y-jeronimo\/\" title=\"Francisca Eyzaguirre, Mariano Fernandez y Mariano, Elisa y Jer\u00f3nimo\"><br \/>\n\t\t\t\t\t\t\t\t\t\t\t\t<img loading=\"lazy\" width=\"500\" height=\"333\" src=\"https:\/\/depto51.cl\/blog\/wp-content\/uploads\/2019\/10\/DSC6071-500x333.jpg\" alt=\"Francisca Eyzaguirre, Mariano Fernandez y Mariano, Elisa y Jer\u00f3nimo\" itemprop=\"image\" srcset=\"https:\/\/depto51.cl\/blog\/wp-content\/uploads\/2019\/10\/DSC6071-500x333.jpg 500w, https:\/\/depto51.cl\/blog\/wp-content\/uploads\/2019\/10\/DSC6071-768x512.jpg 768w, https:\/\/depto51.cl\/blog\/wp-content\/uploads\/2019\/10\/DSC6071-1024x683.jpg 1024w\" sizes=\"(max-width: 500px) 100vw, 500px\" \/><br \/>\n\t\t\t\t\t\t\t\t\t\t\t\t\t\t\tLEER M\u00c1S<br \/>\n\t\t\t\t\t\t\t\t\t\t\t<\/a><br \/>\n\t\t\t\t\t\t\t\t\t\t<!-- .oew-grid-media --><\/p>\n<h2>\n\t\t\t\t\t\t\t\t\t\t\t\t\t<a href=\"https:\/\/depto51.cl\/blog\/2019\/10\/18\/francisca-eyzaguirre-mariano-fernandez-y-mariano-elisa-y-jeronimo\/\" title=\"Francisca Eyzaguirre, Mariano Fernandez y Mariano, Elisa y Jer\u00f3nimo\">Francisca Eyzaguirre, Mariano Fernandez y Mariano, Elisa y Jer\u00f3nimo<\/a><br \/>\n\t\t\t\t\t\t\t\t\t\t\t\t<\/h2>\n<p>\t\t\t\t\t\t\t\t\t\t\t\t\tNos encant\u00f3 conocer la familia hiper taquillera formada por Francisca Eyzaguirre (Socia y Productora Ejecutiva en Estudio Fe) Mariano Fernandez (Due\u00f1o de Ludika Group), sus 3 hijos y sus 6&hellip;<br \/>\n\t\t\t\t\t\t\t\t\t\t<!-- .oew-grid-details --><br \/>\n\t\t\t\t\t\t<\/article>\n<p>\t\t\t<!-- .oew-blog-grid --><br \/>\n\t\t\t<a href=\"https:\/\/depto51.cl\/blog\/category\/home-tour-cat\/\" role=\"button\"><br \/>\n\t\t\t\t\t\tARCHIVO HOME TOURS<br \/>\n\t\t\t\t\t<\/a><\/p>\n<article id=\"post-1450\">\n\t\t\t\t\t\t\t\t\t\t\t<a href=\"https:\/\/depto51.cl\/blog\/2011\/04\/28\/jeronimo-andres-y-gabriel-disenador-fotografo-e-ilustrador\/\" title=\"Jer\u00f3nimo, Andr\u00e9s y Gabriel, dise\u00f1ador, fot\u00f3grafo e ilustrador\"><br \/>\n\t\t\t\t\t\t\t\t\t\t\t\t<img loading=\"lazy\" width=\"520\" height=\"346\" src=\"https:\/\/depto51.cl\/blog\/wp-content\/uploads\/2011\/04\/111.jpg\" alt=\"Jer\u00f3nimo, Andr\u00e9s y Gabriel, dise\u00f1ador, fot\u00f3grafo e ilustrador\" itemprop=\"image\" srcset=\"https:\/\/depto51.cl\/blog\/wp-content\/uploads\/2011\/04\/111.jpg 722w, https:\/\/depto51.cl\/blog\/wp-content\/uploads\/2011\/04\/111-500x332.jpg 500w, https:\/\/depto51.cl\/blog\/wp-content\/uploads\/2011\/04\/111-600x400.jpg 600w\" sizes=\"(max-width: 520px) 100vw, 520px\" \/><br \/>\n\t\t\t\t\t\t\t\t\t\t\t\t\t\t\tLEER M\u00c1S<br \/>\n\t\t\t\t\t\t\t\t\t\t\t<\/a><br \/>\n\t\t\t\t\t\t\t\t\t\t<!-- .oew-grid-media --><\/p>\n<h2>\n\t\t\t\t\t\t\t\t\t\t\t\t\t<a href=\"https:\/\/depto51.cl\/blog\/2011\/04\/28\/jeronimo-andres-y-gabriel-disenador-fotografo-e-ilustrador\/\" title=\"Jer\u00f3nimo, Andr\u00e9s y Gabriel, dise\u00f1ador, fot\u00f3grafo e ilustrador\">Jer\u00f3nimo, Andr\u00e9s y Gabriel, dise\u00f1ador, fot\u00f3grafo e ilustrador<\/a><br \/>\n\t\t\t\t\t\t\t\t\t\t\t\t<\/h2>\n<p>\t\t\t\t\t\t\t\t\t\t<!-- .oew-grid-details --><br \/>\n\t\t\t\t\t\t<\/article>\n<article id=\"post-24486\">\n\t\t\t\t\t\t\t\t\t\t\t<a href=\"https:\/\/depto51.cl\/blog\/2014\/09\/22\/charlotte-y-guillaume-historiadora-de-arte-y-musico\/\" title=\"Charlotte y Guillaume, historiadora de arte y m\u00fasico\"><br \/>\n\t\t\t\t\t\t\t\t\t\t\t\t<img loading=\"lazy\" width=\"520\" height=\"347\" src=\"https:\/\/depto51.cl\/blog\/wp-content\/uploads\/2014\/09\/Charlotte-y-Guillaume-18.jpg\" alt=\"Charlotte y Guillaume, historiadora de arte y m\u00fasico\" itemprop=\"image\" srcset=\"https:\/\/depto51.cl\/blog\/wp-content\/uploads\/2014\/09\/Charlotte-y-Guillaume-18.jpg 600w, https:\/\/depto51.cl\/blog\/wp-content\/uploads\/2014\/09\/Charlotte-y-Guillaume-18-500x333.jpg 500w\" sizes=\"(max-width: 520px) 100vw, 520px\" \/><br \/>\n\t\t\t\t\t\t\t\t\t\t\t\t\t\t\tLEER M\u00c1S<br \/>\n\t\t\t\t\t\t\t\t\t\t\t<\/a><br \/>\n\t\t\t\t\t\t\t\t\t\t<!-- .oew-grid-media --><\/p>\n<h2>\n\t\t\t\t\t\t\t\t\t\t\t\t\t<a href=\"https:\/\/depto51.cl\/blog\/2014\/09\/22\/charlotte-y-guillaume-historiadora-de-arte-y-musico\/\" title=\"Charlotte y Guillaume, historiadora de arte y m\u00fasico\">Charlotte y Guillaume, historiadora de arte y m\u00fasico<\/a><br \/>\n\t\t\t\t\t\t\t\t\t\t\t\t<\/h2>\n<p>\t\t\t\t\t\t\t\t\t\t<!-- .oew-grid-details --><br \/>\n\t\t\t\t\t\t<\/article>\n<article id=\"post-14985\">\n\t\t\t\t\t\t\t\t\t\t\t<a href=\"https:\/\/depto51.cl\/blog\/2013\/07\/21\/casa-garcia-soza-en-maitencillo\/\" title=\"Casa Garc\u00eda &#8211; Soza en Maitencillo\"><br \/>\n\t\t\t\t\t\t\t\t\t\t\t\t<img loading=\"lazy\" width=\"520\" height=\"292\" src=\"https:\/\/depto51.cl\/blog\/wp-content\/uploads\/2013\/07\/casa-garcia-soza.png\" alt=\"Casa Garc\u00eda &#8211; Soza en Maitencillo\" itemprop=\"image\" srcset=\"https:\/\/depto51.cl\/blog\/wp-content\/uploads\/2013\/07\/casa-garcia-soza.png 1280w, https:\/\/depto51.cl\/blog\/wp-content\/uploads\/2013\/07\/casa-garcia-soza-500x280.png 500w, https:\/\/depto51.cl\/blog\/wp-content\/uploads\/2013\/07\/casa-garcia-soza-768x431.png 768w, https:\/\/depto51.cl\/blog\/wp-content\/uploads\/2013\/07\/casa-garcia-soza-1024x574.png 1024w\" sizes=\"(max-width: 520px) 100vw, 520px\" \/><br \/>\n\t\t\t\t\t\t\t\t\t\t\t\t\t\t\tLEER M\u00c1S<br \/>\n\t\t\t\t\t\t\t\t\t\t\t<\/a><br \/>\n\t\t\t\t\t\t\t\t\t\t<!-- .oew-grid-media --><\/p>\n<h2>\n\t\t\t\t\t\t\t\t\t\t\t\t\t<a href=\"https:\/\/depto51.cl\/blog\/2013\/07\/21\/casa-garcia-soza-en-maitencillo\/\" title=\"Casa Garc\u00eda &#8211; Soza en Maitencillo\">Casa Garc\u00eda &#8211; Soza en Maitencillo<\/a><br \/>\n\t\t\t\t\t\t\t\t\t\t\t\t<\/h2>\n<p>\t\t\t\t\t\t\t\t\t\t<!-- .oew-grid-details --><br \/>\n\t\t\t\t\t\t<\/article>\n<p>\t\t\t<!-- .oew-blog-grid --><br \/>\n\t\t\t<a href=\"https:\/\/depto51.cl\/blog\/category\/decoracion-cat\/\" role=\"button\"><br \/>\n\t\t\t\t\t\tDECORACI\u00d3N<br \/>\n\t\t\t\t\t<\/a><\/p>\n<article id=\"post-35674\">\n\t\t\t\t\t\t\t\t\t\t\t<a href=\"https:\/\/depto51.cl\/blog\/2016\/07\/13\/6-nuevas-ideas-para-hacer-con-pallets\/\" title=\"6 nuevas ideas para hacer con pallets\"><br \/>\n\t\t\t\t\t\t\t\t\t\t\t\t<img loading=\"lazy\" width=\"520\" height=\"360\" src=\"https:\/\/depto51.cl\/blog\/wp-content\/uploads\/2016\/07\/pallets.jpg\" alt=\"6 nuevas ideas para hacer con pallets\" itemprop=\"image\" srcset=\"https:\/\/depto51.cl\/blog\/wp-content\/uploads\/2016\/07\/pallets.jpg 768w, https:\/\/depto51.cl\/blog\/wp-content\/uploads\/2016\/07\/pallets-500x346.jpg 500w\" sizes=\"(max-width: 520px) 100vw, 520px\" \/><br \/>\n\t\t\t\t\t\t\t\t\t\t\t\t\t\t\tLEER M\u00c1S<br \/>\n\t\t\t\t\t\t\t\t\t\t\t<\/a><br \/>\n\t\t\t\t\t\t\t\t\t\t<!-- .oew-grid-media --><\/p>\n<h2>\n\t\t\t\t\t\t\t\t\t\t\t\t\t<a href=\"https:\/\/depto51.cl\/blog\/2016\/07\/13\/6-nuevas-ideas-para-hacer-con-pallets\/\" title=\"6 nuevas ideas para hacer con pallets\">6 nuevas ideas para hacer con pallets<\/a><br \/>\n\t\t\t\t\t\t\t\t\t\t\t\t<\/h2>\n<p>\t\t\t\t\t\t\t\t\t\t<!-- .oew-grid-details --><br \/>\n\t\t\t\t\t\t<\/article>\n<article id=\"post-17078\">\n\t\t\t\t\t\t\t\t\t\t\t<a href=\"https:\/\/depto51.cl\/blog\/2013\/12\/05\/ideas-para-un-closet-improvisado\/\" title=\"Ideas para un closet improvisado\"><br \/>\n\t\t\t\t\t\t\t\t\t\t\t\t<img loading=\"lazy\" width=\"460\" height=\"333\" src=\"https:\/\/depto51.cl\/blog\/wp-content\/uploads\/2013\/12\/85b543fd790107c16dbc0015539f70de.jpg\" alt=\"Ideas para un closet improvisado\" itemprop=\"image\" \/><br \/>\n\t\t\t\t\t\t\t\t\t\t\t\t\t\t\tLEER M\u00c1S<br \/>\n\t\t\t\t\t\t\t\t\t\t\t<\/a><br \/>\n\t\t\t\t\t\t\t\t\t\t<!-- .oew-grid-media --><\/p>\n<h2>\n\t\t\t\t\t\t\t\t\t\t\t\t\t<a href=\"https:\/\/depto51.cl\/blog\/2013\/12\/05\/ideas-para-un-closet-improvisado\/\" title=\"Ideas para un closet improvisado\">Ideas para un closet improvisado<\/a><br \/>\n\t\t\t\t\t\t\t\t\t\t\t\t<\/h2>\n<p>\t\t\t\t\t\t\t\t\t\t<!-- .oew-grid-details --><br \/>\n\t\t\t\t\t\t<\/article>\n<article id=\"post-31445\">\n\t\t\t\t\t\t\t\t\t\t\t<a href=\"https:\/\/depto51.cl\/blog\/2015\/08\/17\/conoce-la-casa-de-giuliana-rancic-en-chicago\/\" title=\"Conoce la casa de Giuliana Rancic en Chicago\"><br \/>\n\t\t\t\t\t\t\t\t\t\t\t\t<img loading=\"lazy\" width=\"304\" height=\"380\" src=\"https:\/\/depto51.cl\/blog\/wp-content\/uploads\/2015\/08\/102534557_w.jpg\" alt=\"Conoce la casa de Giuliana Rancic en Chicago\" itemprop=\"image\" srcset=\"https:\/\/depto51.cl\/blog\/wp-content\/uploads\/2015\/08\/102534557_w.jpg 600w, https:\/\/depto51.cl\/blog\/wp-content\/uploads\/2015\/08\/102534557_w-400x500.jpg 400w\" sizes=\"(max-width: 304px) 100vw, 304px\" \/><br \/>\n\t\t\t\t\t\t\t\t\t\t\t\t\t\t\tLEER M\u00c1S<br \/>\n\t\t\t\t\t\t\t\t\t\t\t<\/a><br \/>\n\t\t\t\t\t\t\t\t\t\t<!-- .oew-grid-media --><\/p>\n<h2>\n\t\t\t\t\t\t\t\t\t\t\t\t\t<a href=\"https:\/\/depto51.cl\/blog\/2015\/08\/17\/conoce-la-casa-de-giuliana-rancic-en-chicago\/\" title=\"Conoce la casa de Giuliana Rancic en Chicago\">Conoce la casa de Giuliana Rancic en Chicago<\/a><br \/>\n\t\t\t\t\t\t\t\t\t\t\t\t<\/h2>\n<p>\t\t\t\t\t\t\t\t\t\t<!-- .oew-grid-details --><br \/>\n\t\t\t\t\t\t<\/article>\n<p>\t\t\t<!-- .oew-blog-grid --><br \/>\n\t\t\t<a href=\"https:\/\/depto51.cl\/blog\/category\/disenadores\/\" role=\"button\"><br \/>\n\t\t\t\t\t\tDISE\u00d1ADORES &#038; CREATIVOS<br \/>\n\t\t\t\t\t<\/a><\/p>\n<article id=\"post-43658\">\n<h2>\n\t\t\t\t\t\t\t\t\t\t\t\t\t<a href=\"https:\/\/depto51.cl\/blog\/?p=43658\" title=\"Tendencias en textiles para este Invierno 2019\">Tendencias en textiles para este Invierno 2019<\/a><br \/>\n\t\t\t\t\t\t\t\t\t\t\t\t<\/h2>\n<p>\t\t\t\t\t\t\t\t\t\t<!-- .oew-grid-details --><br \/>\n\t\t\t\t\t\t<\/article>\n<article id=\"post-42441\">\n\t\t\t\t\t\t\t\t\t\t\t<a href=\"https:\/\/depto51.cl\/blog\/2019\/01\/25\/la-lista-definitiva-de-las-ilustradoras-chilenas-que-debes-seguir\/\" title=\"La lista definitiva de las ilustradoras chilenas que debes seguir\"><br \/>\n\t\t\t\t\t\t\t\t\t\t\t\t<img loading=\"lazy\" width=\"520\" height=\"347\" src=\"https:\/\/depto51.cl\/blog\/wp-content\/uploads\/2019\/01\/ilustradoras-min.jpg\" alt=\"La lista definitiva de las ilustradoras chilenas que debes seguir\" itemprop=\"image\" srcset=\"https:\/\/depto51.cl\/blog\/wp-content\/uploads\/2019\/01\/ilustradoras-min.jpg 1500w, https:\/\/depto51.cl\/blog\/wp-content\/uploads\/2019\/01\/ilustradoras-min-500x333.jpg 500w, https:\/\/depto51.cl\/blog\/wp-content\/uploads\/2019\/01\/ilustradoras-min-768x512.jpg 768w, https:\/\/depto51.cl\/blog\/wp-content\/uploads\/2019\/01\/ilustradoras-min-1024x683.jpg 1024w\" sizes=\"(max-width: 520px) 100vw, 520px\" \/><br \/>\n\t\t\t\t\t\t\t\t\t\t\t\t\t\t\tLEER M\u00c1S<br \/>\n\t\t\t\t\t\t\t\t\t\t\t<\/a><br \/>\n\t\t\t\t\t\t\t\t\t\t<!-- .oew-grid-media --><\/p>\n<h2>\n\t\t\t\t\t\t\t\t\t\t\t\t\t<a href=\"https:\/\/depto51.cl\/blog\/2019\/01\/25\/la-lista-definitiva-de-las-ilustradoras-chilenas-que-debes-seguir\/\" title=\"La lista definitiva de las ilustradoras chilenas que debes seguir\">La lista definitiva de las ilustradoras chilenas que debes seguir<\/a><br \/>\n\t\t\t\t\t\t\t\t\t\t\t\t<\/h2>\n<p>\t\t\t\t\t\t\t\t\t\t<!-- .oew-grid-details --><br \/>\n\t\t\t\t\t\t<\/article>\n<article id=\"post-41944\">\n\t\t\t\t\t\t\t\t\t\t\t<a href=\"https:\/\/depto51.cl\/blog\/2018\/10\/12\/6-creativas-chilenas-que-nos-invitan-a-crear-e-imaginar-con-talleres-y-tutoriales\/\" title=\"6 Creativas chilenas que nos invitan a crear e imaginar con sus talleres y tutoriales\"><br \/>\n\t\t\t\t\t\t\t\t\t\t\t\t<img loading=\"lazy\" width=\"456\" height=\"380\" src=\"https:\/\/depto51.cl\/blog\/wp-content\/uploads\/2018\/10\/aaa.png\" alt=\"6 Creativas chilenas que nos invitan a crear e imaginar con sus talleres y tutoriales\" itemprop=\"image\" srcset=\"https:\/\/depto51.cl\/blog\/wp-content\/uploads\/2018\/10\/aaa.png 593w, https:\/\/depto51.cl\/blog\/wp-content\/uploads\/2018\/10\/aaa-500x417.png 500w\" sizes=\"(max-width: 456px) 100vw, 456px\" \/><br \/>\n\t\t\t\t\t\t\t\t\t\t\t\t\t\t\tLEER M\u00c1S<br \/>\n\t\t\t\t\t\t\t\t\t\t\t<\/a><br \/>\n\t\t\t\t\t\t\t\t\t\t<!-- .oew-grid-media --><\/p>\n<h2>\n\t\t\t\t\t\t\t\t\t\t\t\t\t<a href=\"https:\/\/depto51.cl\/blog\/2018\/10\/12\/6-creativas-chilenas-que-nos-invitan-a-crear-e-imaginar-con-talleres-y-tutoriales\/\" title=\"6 Creativas chilenas que nos invitan a crear e imaginar con sus talleres y tutoriales\">6 Creativas chilenas que nos invitan a crear e imaginar con sus talleres y tutoriales<\/a><br \/>\n\t\t\t\t\t\t\t\t\t\t\t\t<\/h2>\n<p>\t\t\t\t\t\t\t\t\t\t<!-- .oew-grid-details --><br \/>\n\t\t\t\t\t\t<\/article>\n<p>\t\t\t<!-- .oew-blog-grid --><br \/>\n\t\t\t<a href=\"https:\/\/depto51.cl\/blog\/category\/plantas\/\" role=\"button\"><br \/>\n\t\t\t\t\t\tPLANTAS<br \/>\n\t\t\t\t\t<\/a><\/p>\n<article id=\"post-16946\">\n\t\t\t\t\t\t\t\t\t\t\t<a href=\"https:\/\/depto51.cl\/blog\/2014\/01\/20\/plantas-puertas-adentro\/\" title=\"Plantas puertas adentro \/ Kekkila\"><br \/>\n\t\t\t\t\t\t\t\t\t\t\t\t<img loading=\"lazy\" width=\"520\" height=\"347\" src=\"https:\/\/depto51.cl\/blog\/wp-content\/uploads\/2014\/01\/i6Hla2b9UCF1U.jpg\" alt=\"Plantas puertas adentro \/ Kekkila\" itemprop=\"image\" srcset=\"https:\/\/depto51.cl\/blog\/wp-content\/uploads\/2014\/01\/i6Hla2b9UCF1U.jpg 660w, https:\/\/depto51.cl\/blog\/wp-content\/uploads\/2014\/01\/i6Hla2b9UCF1U-500x333.jpg 500w, https:\/\/depto51.cl\/blog\/wp-content\/uploads\/2014\/01\/i6Hla2b9UCF1U-600x400.jpg 600w\" sizes=\"(max-width: 520px) 100vw, 520px\" \/><br \/>\n\t\t\t\t\t\t\t\t\t\t\t\t\t\t\tLEER M\u00c1S<br \/>\n\t\t\t\t\t\t\t\t\t\t\t<\/a><br \/>\n\t\t\t\t\t\t\t\t\t\t<!-- .oew-grid-media --><\/p>\n<h2>\n\t\t\t\t\t\t\t\t\t\t\t\t\t<a href=\"https:\/\/depto51.cl\/blog\/2014\/01\/20\/plantas-puertas-adentro\/\" title=\"Plantas puertas adentro \/ Kekkila\">Plantas puertas adentro \/ Kekkila<\/a><br \/>\n\t\t\t\t\t\t\t\t\t\t\t\t<\/h2>\n<p>\t\t\t\t\t\t\t\t\t\t<!-- .oew-grid-details --><br \/>\n\t\t\t\t\t\t<\/article>\n<article id=\"post-44036\">\n\t\t\t\t\t\t\t\t\t\t\t<a href=\"https:\/\/depto51.cl\/blog\/2019\/08\/02\/estas-plantas-son-toxicas-para-tus-mascotas\/\" title=\"Estas plantas son t\u00f3xicas para tus mascotas\"><br \/>\n\t\t\t\t\t\t\t\t\t\t\t\t<img loading=\"lazy\" width=\"520\" height=\"380\" src=\"https:\/\/depto51.cl\/blog\/wp-content\/uploads\/2019\/08\/plantas-toxicas-para-las-mascotas-520x380.jpg\" alt=\"Estas plantas son t\u00f3xicas para tus mascotas\" itemprop=\"image\" \/><br \/>\n\t\t\t\t\t\t\t\t\t\t\t\t\t\t\tLEER M\u00c1S<br \/>\n\t\t\t\t\t\t\t\t\t\t\t<\/a><br \/>\n\t\t\t\t\t\t\t\t\t\t<!-- .oew-grid-media --><\/p>\n<h2>\n\t\t\t\t\t\t\t\t\t\t\t\t\t<a href=\"https:\/\/depto51.cl\/blog\/2019\/08\/02\/estas-plantas-son-toxicas-para-tus-mascotas\/\" title=\"Estas plantas son t\u00f3xicas para tus mascotas\">Estas plantas son t\u00f3xicas para tus mascotas<\/a><br \/>\n\t\t\t\t\t\t\t\t\t\t\t\t<\/h2>\n<p>\t\t\t\t\t\t\t\t\t\t<!-- .oew-grid-details --><br \/>\n\t\t\t\t\t\t<\/article>\n<article id=\"post-25222\">\n\t\t\t\t\t\t\t\t\t\t\t<a href=\"https:\/\/depto51.cl\/blog\/2014\/10\/08\/como-cuidar-plantas-de-interior\/\" title=\"\u00bfC\u00f3mo cuidar plantas de interior?\"><br \/>\n\t\t\t\t\t\t\t\t\t\t\t\t<img loading=\"lazy\" width=\"374\" height=\"380\" src=\"https:\/\/depto51.cl\/blog\/wp-content\/uploads\/2014\/10\/c03ba0159f8853eaa1c9a9d45204d3e0.jpg\" alt=\"\u00bfC\u00f3mo cuidar plantas de interior?\" itemprop=\"image\" srcset=\"https:\/\/depto51.cl\/blog\/wp-content\/uploads\/2014\/10\/c03ba0159f8853eaa1c9a9d45204d3e0.jpg 584w, https:\/\/depto51.cl\/blog\/wp-content\/uploads\/2014\/10\/c03ba0159f8853eaa1c9a9d45204d3e0-492x500.jpg 492w\" sizes=\"(max-width: 374px) 100vw, 374px\" \/><br \/>\n\t\t\t\t\t\t\t\t\t\t\t\t\t\t\tLEER M\u00c1S<br \/>\n\t\t\t\t\t\t\t\t\t\t\t<\/a><br \/>\n\t\t\t\t\t\t\t\t\t\t<!-- .oew-grid-media --><\/p>\n<h2>\n\t\t\t\t\t\t\t\t\t\t\t\t\t<a href=\"https:\/\/depto51.cl\/blog\/2014\/10\/08\/como-cuidar-plantas-de-interior\/\" title=\"\u00bfC\u00f3mo cuidar plantas de interior?\">\u00bfC\u00f3mo cuidar plantas de interior?<\/a><br \/>\n\t\t\t\t\t\t\t\t\t\t\t\t<\/h2>\n<p>\t\t\t\t\t\t\t\t\t\t<!-- .oew-grid-details --><br \/>\n\t\t\t\t\t\t<\/article>\n<p>\t\t\t<!-- .oew-blog-grid --><br \/>\n\t\t\t<a href=\"https:\/\/depto51.cl\/blog\/category\/datos\/\" role=\"button\"><br \/>\n\t\t\t\t\t\tAGENDA &#038; DATOS<br \/>\n\t\t\t\t\t<\/a><\/p>\n<article id=\"post-15394\">\n\t\t\t\t\t\t\t\t\t\t\t<a href=\"https:\/\/depto51.cl\/blog\/2013\/08\/15\/a-nyc-los-pasajes\/\" title=\"A NYC los pasajes!\"><br \/>\n\t\t\t\t\t\t\t\t\t\t\t\t<img loading=\"lazy\" width=\"499\" height=\"380\" src=\"https:\/\/depto51.cl\/blog\/wp-content\/uploads\/2013\/08\/pod39-nyc-lounge.jpg\" alt=\"A NYC los pasajes!\" itemprop=\"image\" srcset=\"https:\/\/depto51.cl\/blog\/wp-content\/uploads\/2013\/08\/pod39-nyc-lounge.jpg 1050w, https:\/\/depto51.cl\/blog\/wp-content\/uploads\/2013\/08\/pod39-nyc-lounge-500x381.jpg 500w, https:\/\/depto51.cl\/blog\/wp-content\/uploads\/2013\/08\/pod39-nyc-lounge-768x585.jpg 768w, https:\/\/depto51.cl\/blog\/wp-content\/uploads\/2013\/08\/pod39-nyc-lounge-1024x780.jpg 1024w\" sizes=\"(max-width: 499px) 100vw, 499px\" \/><br \/>\n\t\t\t\t\t\t\t\t\t\t\t\t\t\t\tLEER M\u00c1S<br \/>\n\t\t\t\t\t\t\t\t\t\t\t<\/a><br \/>\n\t\t\t\t\t\t\t\t\t\t<!-- .oew-grid-media --><\/p>\n<h2>\n\t\t\t\t\t\t\t\t\t\t\t\t\t<a href=\"https:\/\/depto51.cl\/blog\/2013\/08\/15\/a-nyc-los-pasajes\/\" title=\"A NYC los pasajes!\">A NYC los pasajes!<\/a><br \/>\n\t\t\t\t\t\t\t\t\t\t\t\t<\/h2>\n<p>\t\t\t\t\t\t\t\t\t\t<!-- .oew-grid-details --><br \/>\n\t\t\t\t\t\t<\/article>\n<article id=\"post-34335\">\n\t\t\t\t\t\t\t\t\t\t\t<a href=\"https:\/\/depto51.cl\/blog\/2016\/03\/17\/el-refrigerador-smeg-ya-esta-en-chile\/\" title=\"El refrigerador Smeg ya est\u00e1 en Chile\"><br \/>\n\t\t\t\t\t\t\t\t\t\t\t\t<img loading=\"lazy\" width=\"253\" height=\"380\" src=\"https:\/\/depto51.cl\/blog\/wp-content\/uploads\/2016\/03\/a7910f21a405d47b5351e7b185214ff5.jpg\" alt=\"El refrigerador Smeg ya est\u00e1 en Chile\" itemprop=\"image\" srcset=\"https:\/\/depto51.cl\/blog\/wp-content\/uploads\/2016\/03\/a7910f21a405d47b5351e7b185214ff5.jpg 540w, https:\/\/depto51.cl\/blog\/wp-content\/uploads\/2016\/03\/a7910f21a405d47b5351e7b185214ff5-333x500.jpg 333w\" sizes=\"(max-width: 253px) 100vw, 253px\" \/><br \/>\n\t\t\t\t\t\t\t\t\t\t\t\t\t\t\tLEER M\u00c1S<br \/>\n\t\t\t\t\t\t\t\t\t\t\t<\/a><br \/>\n\t\t\t\t\t\t\t\t\t\t<!-- .oew-grid-media --><\/p>\n<h2>\n\t\t\t\t\t\t\t\t\t\t\t\t\t<a href=\"https:\/\/depto51.cl\/blog\/2016\/03\/17\/el-refrigerador-smeg-ya-esta-en-chile\/\" title=\"El refrigerador Smeg ya est\u00e1 en Chile\">El refrigerador Smeg ya est\u00e1 en Chile<\/a><br \/>\n\t\t\t\t\t\t\t\t\t\t\t\t<\/h2>\n<p>\t\t\t\t\t\t\t\t\t\t<!-- .oew-grid-details --><br \/>\n\t\t\t\t\t\t<\/article>\n<article id=\"post-39711\">\n\t\t\t\t\t\t\t\t\t\t\t<a href=\"https:\/\/depto51.cl\/blog\/2018\/04\/20\/chao-starbucks-las-cafeterias-en-santiago-ideales-para-trabajar\/\" title=\"Chao Starbucks: Las cafeter\u00edas en Santiago ideales para trabajar\"><br \/>\n\t\t\t\t\t\t\t\t\t\t\t\t<img loading=\"lazy\" width=\"380\" height=\"380\" src=\"https:\/\/depto51.cl\/blog\/wp-content\/uploads\/2018\/04\/cofii.jpg\" alt=\"Chao Starbucks: Las cafeter\u00edas en Santiago ideales para trabajar\" itemprop=\"image\" srcset=\"https:\/\/depto51.cl\/blog\/wp-content\/uploads\/2018\/04\/cofii.jpg 960w, https:\/\/depto51.cl\/blog\/wp-content\/uploads\/2018\/04\/cofii-500x500.jpg 500w, https:\/\/depto51.cl\/blog\/wp-content\/uploads\/2018\/04\/cofii-768x768.jpg 768w, https:\/\/depto51.cl\/blog\/wp-content\/uploads\/2018\/04\/cofii-150x150.jpg 150w\" sizes=\"(max-width: 380px) 100vw, 380px\" \/><br \/>\n\t\t\t\t\t\t\t\t\t\t\t\t\t\t\tLEER M\u00c1S<br \/>\n\t\t\t\t\t\t\t\t\t\t\t<\/a><br \/>\n\t\t\t\t\t\t\t\t\t\t<!-- .oew-grid-media --><\/p>\n<h2>\n\t\t\t\t\t\t\t\t\t\t\t\t\t<a href=\"https:\/\/depto51.cl\/blog\/2018\/04\/20\/chao-starbucks-las-cafeterias-en-santiago-ideales-para-trabajar\/\" title=\"Chao Starbucks: Las cafeter\u00edas en Santiago ideales para trabajar\">Chao Starbucks: Las cafeter\u00edas en Santiago ideales para trabajar<\/a><br \/>\n\t\t\t\t\t\t\t\t\t\t\t\t<\/h2>\n<p>\t\t\t\t\t\t\t\t\t\t<!-- .oew-grid-details --><br \/>\n\t\t\t\t\t\t<\/article>\n<p>\t\t\t<!-- .oew-blog-grid --><\/p>\n","protected":false},"excerpt":{"rendered":"<p>LEER M\u00c1S Conoce la primera colecci\u00f3n \u00abAt Home With\u00bb de H&#038;M Home Seguro ya has escuchado a hablar de la actriz y modelo brit\u00e1nica Cara Delevigne \u00bfverdad? Pues bien, hoy te queremos presentar a su hermana Poppy, tambi\u00e9n modelo y toda una celebridad en Londres. Es m\u00e1s, ella se ha convertido en la inspiraci\u00f3n e&#8230;<\/p>\n","protected":false},"author":16425,"featured_media":0,"parent":0,"menu_order":0,"comment_status":"closed","ping_status":"closed","template":"","meta":[],"acf":[],"_links":{"self":[{"href":"https:\/\/depto51.cl\/blog\/wp-json\/wp\/v2\/pages\/42714"}],"collection":[{"href":"https:\/\/depto51.cl\/blog\/wp-json\/wp\/v2\/pages"}],"about":[{"href":"https:\/\/depto51.cl\/blog\/wp-json\/wp\/v2\/types\/page"}],"author":[{"embeddable":true,"href":"https:\/\/depto51.cl\/blog\/wp-json\/wp\/v2\/users\/16425"}],"replies":[{"embeddable":true,"href":"https:\/\/depto51.cl\/blog\/wp-json\/wp\/v2\/comments?post=42714"}],"version-history":[{"count":38,"href":"https:\/\/depto51.cl\/blog\/wp-json\/wp\/v2\/pages\/42714\/revisions"}],"predecessor-version":[{"id":44480,"href":"https:\/\/depto51.cl\/blog\/wp-json\/wp\/v2\/pages\/42714\/revisions\/44480"}],"wp:attachment":[{"href":"https:\/\/depto51.cl\/blog\/wp-json\/wp\/v2\/media?parent=42714"}],"curies":[{"name":"wp","href":"https:\/\/api.w.org\/{rel}","templated":true}]}}