

{"id":22700,"date":"2014-08-11T16:24:41","date_gmt":"2014-08-11T20:24:41","guid":{"rendered":"https:\/\/depto51.cl\/blog\/?page_id=22700"},"modified":"2015-09-23T15:23:09","modified_gmt":"2015-09-23T19:23:09","slug":"bases-concurso","status":"publish","type":"page","link":"https:\/\/depto51.cl\/blog\/bases-concurso\/","title":{"rendered":"Bases Concurso Rinc\u00f3n Favorito 2015"},"content":{"rendered":"<p style=\"text-align: center;\"><img loading=\"lazy\" class=\"alignnone size-full wp-image-31522\" alt=\"RINCON FAVORITO_01\" src=\"https:\/\/depto51.cl\/blog\/wp-content\/uploads\/2014\/08\/RINCON-FAVORITO_01.png\" width=\"600\" height=\"600\" srcset=\"https:\/\/depto51.cl\/blog\/wp-content\/uploads\/2014\/08\/RINCON-FAVORITO_01.png 600w, https:\/\/depto51.cl\/blog\/wp-content\/uploads\/2014\/08\/RINCON-FAVORITO_01-500x500.png 500w, https:\/\/depto51.cl\/blog\/wp-content\/uploads\/2014\/08\/RINCON-FAVORITO_01-150x150.png 150w, https:\/\/depto51.cl\/blog\/wp-content\/uploads\/2014\/08\/RINCON-FAVORITO_01-306x306.png 306w, https:\/\/depto51.cl\/blog\/wp-content\/uploads\/2014\/08\/RINCON-FAVORITO_01-225x225.png 225w, https:\/\/depto51.cl\/blog\/wp-content\/uploads\/2014\/08\/RINCON-FAVORITO_01-145x145.png 145w\" sizes=\"(max-width: 600px) 100vw, 600px\" \/><\/p>\n<p style=\"text-align: left;\">1. Se dar\u00e1 inicio al concurso el d\u00eda lunes 24 de agosto a las 12 pm y se recibir\u00e1n fotos hasta el martes 22 de septiembre a las 11:59 pm<\/p>\n<p style=\"text-align: left;\">2. Los concursantes deben <strong>mandar un mail a\u00a0concurso@depto51.cl\u00a0<\/strong>con\u00a0s\u00f3lo una\u00a0foto de un rinc\u00f3n favorito de su casa o departamento. <strong>El concursante debe poseer los derechos de la foto que env\u00eda y debe agregar en el cuerpo del mail\u00a0su nombre completo, direcci\u00f3n, ciudad y tel\u00e9fono.<\/strong> No podr\u00e1n concursar dos participantes de una misma casa o departamento.<\/p>\n<p style=\"text-align: left;\">3. El\u00a0<del>martes 22 de septiembre<\/del>\u00a0 lunes 28 de septiembre se subir\u00e1n a Depto51.cl 30 fotos seleccionadas por el jurado que se someter\u00e1n a votaci\u00f3n del p\u00fablico hasta el martes 13 de octubre a las 17:00 pm.<\/p>\n<p style=\"text-align: left;\">4. La foto que tenga m\u00e1s \u201cLikes\u201d ser\u00e1 la ganadora del premio. Habr\u00e1 tambi\u00e9n un premio que se sortear\u00e1 entre todos los que voten.<\/p>\n<p style=\"text-align: left;\">5. Los requisitos para votar son: ingresar el mail y poner la opci\u00f3n \u00abMe Gusta\u00bb al Fanpage de\u00a0Depto51.<\/p>\n<p style=\"text-align: left;\">6. El jurado que seleccionar\u00e1 las 30 fotos participantes estar\u00e1 conformado por Nicol\u00e1s Valenzuela y Magdalena Maino de Depto51.cl y Claudia Manuscevich de <a href=\"http:\/\/www.theproject.cl\/\" target=\"_blank\">The Project<\/a>.<\/p>\n<p style=\"text-align: left;\">7. Los premios para el ganador de Rinc\u00f3n Favorito 2015 ser\u00e1n los siguientes (premio de $1.015.760 en Depto51)<\/p>\n<ul style=\"text-align: left;\">\n<li>Block Table Gris<\/li>\n<li>String Pocket Negra \/ Nogal<\/li>\n<li>L\u00e1mpara de Pie Doble Rubi Blanca<\/li>\n<li>Cuchiller\u00eda Mix Colores<\/li>\n<li>Perchero Saturns Madera<\/li>\n<li>Marco de Foto m\u00faltiple colection madera<\/li>\n<li>L\u00e1mpara de mesa Barefoot verde menta<\/li>\n<li>Apoya libros BookEnd<\/li>\n<li>Reloj Big Time Plateado<\/li>\n<li>Hielera Polar<\/li>\n<li>Ensaladera Sparrow Blanco Verde<\/li>\n<li>Bolsa de Ropa Sucia Pushing Ball<\/li>\n<li>Manta de Picnic\u00a0 con forma de oso<\/li>\n<li>Porta Papel Higi\u00e9nico Mr T Rojo<\/li>\n<li>Contenedor para Bolsas Baggins<\/li>\n<li>Porta Esponja Cloudy<\/li>\n<li>Cortina de Ba\u00f1o Keep Calm<\/li>\n<li>Set 12 vasos grandes Fantasy Azul<\/li>\n<li>Set 2 Botellas para Aceite o Vinagre Oval Oak<\/li>\n<li>Botella para Agua o Vino Oval Oak<\/li>\n<li>Botella para Vino Oval Oak<\/li>\n<li>Tetera Brim Gris 750ml<\/li>\n<li>Taza Unimug Gris<\/li>\n<li>Bandeja Nonslip Madera Natural Mediana<\/li>\n<\/ul>\n<p style=\"text-align: left;\">Para el ganador entre los que votaron:<\/p>\n<ul style=\"text-align: left;\">\n<li>Gift Card Depto51 $50.000 (se crear\u00e1 un c\u00f3digo de descuento y enviar\u00e1 al mail del ganador que se elige de manera aleatoria entre todos los que votaron)<\/li>\n<\/ul>\n<p style=\"text-align: left;\">8.\u00a0Los premios de Rinc\u00f3n Favorito 2015 premio ser\u00e1n despachados al domicilio del ganador (previa coordinaci\u00f3n con el equipo organizador del concurso).<\/p>\n<p style=\"text-align: left;\">9.\u00a0El ganador del premio debe aceptar que se le tomen fotos al espacio antes y despu\u00e9s de entregado e instalado el premio.<\/p>\n<p style=\"text-align: left;\">10. Concurso v\u00e1lido s\u00f3lo para Chile.<\/p>\n","protected":false},"excerpt":{"rendered":"<p>1. Se dar\u00e1 inicio al concurso el d\u00eda lunes 24 de agosto a las 12 pm y se recibir\u00e1n fotos hasta el martes 22 de septiembre a las 11:59 pm 2. Los concursantes deben mandar un mail a\u00a0concurso@depto51.cl\u00a0con\u00a0s\u00f3lo una\u00a0foto de un rinc\u00f3n favorito de su casa o departamento. El concursante debe poseer los derechos de&#8230;<\/p>\n","protected":false},"author":1,"featured_media":0,"parent":0,"menu_order":0,"comment_status":"open","ping_status":"open","template":"","meta":[],"acf":[],"_links":{"self":[{"href":"https:\/\/depto51.cl\/blog\/wp-json\/wp\/v2\/pages\/22700"}],"collection":[{"href":"https:\/\/depto51.cl\/blog\/wp-json\/wp\/v2\/pages"}],"about":[{"href":"https:\/\/depto51.cl\/blog\/wp-json\/wp\/v2\/types\/page"}],"author":[{"embeddable":true,"href":"https:\/\/depto51.cl\/blog\/wp-json\/wp\/v2\/users\/1"}],"replies":[{"embeddable":true,"href":"https:\/\/depto51.cl\/blog\/wp-json\/wp\/v2\/comments?post=22700"}],"version-history":[{"count":0,"href":"https:\/\/depto51.cl\/blog\/wp-json\/wp\/v2\/pages\/22700\/revisions"}],"wp:attachment":[{"href":"https:\/\/depto51.cl\/blog\/wp-json\/wp\/v2\/media?parent=22700"}],"curies":[{"name":"wp","href":"https:\/\/api.w.org\/{rel}","templated":true}]}}